{"id":70,"date":"2024-01-03T22:46:29","date_gmt":"2024-01-03T22:46:29","guid":{"rendered":"https:\/\/itzurypadillaginecologa.com\/?page_id=70"},"modified":"2024-01-04T00:53:33","modified_gmt":"2024-01-04T00:53:33","slug":"climaterio","status":"publish","type":"page","link":"https:\/\/itzurypadillaginecologa.com\/index.php\/climaterio\/","title":{"rendered":"CLIMATERIO"},"content":{"rendered":"\n<p>El Climaterio\u00a0<strong>es una etapa normal o fisiol\u00f3gica en la mujer que se caracteriza por una serie de cambios morfol\u00f3gicos, funcionales y psicol\u00f3gicos<\/strong>\u00a0causados por el cese de la funci\u00f3n ov\u00e1rica. Es el paso del periodo f\u00e9rtil a la situaci\u00f3n de reposo ov\u00e1rico.<\/p>\n\n\n\n<p>Algunas mujeres&nbsp;<strong>viven el climaterio con cierta ansiedad, preocupaci\u00f3n y dificultad para llevar a cabo su vida profesional y social<\/strong>. En estos casos es especialmente importante acudir al ginec\u00f3logo para que a trav\u00e9s de un completo chequeo le oriente sobre c\u00f3mo mejorar su calidad de vida durante esta etapa.<\/p>\n\n\n\n<p><strong>Es dif\u00edcil saber cu\u00e1ndo empiezan los cambios debidos al envejecimiento del ovario<\/strong>, puesto que es un proceso que se realiza gradualmente; pueden pasar a\u00f1os hasta que peque\u00f1as alteraciones hormonales den una sintomatolog\u00eda cl\u00ednica.<\/p>\n\n\n\n<h4 class=\"wp-block-heading\"><a><strong>\u00bfCu\u00e1les son los&nbsp;s\u00edntomas?<\/strong><\/a><\/h4>\n\n\n\n<p>Aqu\u00ed algunos s\u00edntomas que se presentan durante el Climaterio:<\/p>\n\n\n\n<ul class=\"wp-block-list\">\n<li>Irregularidades en el ciclo<\/li>\n\n\n\n<li>Taquicardia y sudoraci\u00f3n<\/li>\n\n\n\n<li>Trastornos en el Sue\u00f1o<\/li>\n\n\n\n<li>Trastornos psicol\u00f3gicos: irritabilidad, Ansiedad, angustia, mayor labilidad emocional<\/li>\n\n\n\n<li>Dificultad en la concentraci\u00f3n, memoria y aprendizaje<\/li>\n\n\n\n<li>Sequedad de piel y mucosas<\/li>\n\n\n\n<li>Dolor con las relaciones sexuales<\/li>\n\n\n\n<li>Disminuci\u00f3n del deseo sexual<\/li>\n\n\n\n<li>Mayor riesgo de Enfermedad Cardiovascular<\/li>\n\n\n\n<li>Mayor riesgo de desarrollar Osteoporosis<\/li>\n<\/ul>\n\n\n\n<p><\/p>\n","protected":false},"excerpt":{"rendered":"<p>El Climaterio\u00a0es una etapa normal o fisiol\u00f3gica en la mujer que se caracteriza por una serie de cambios morfol\u00f3gicos, funcionales y psicol\u00f3gicos\u00a0causados por el cese de la funci\u00f3n ov\u00e1rica. Es el paso del periodo f\u00e9rtil a la situaci\u00f3n de reposo ov\u00e1rico. Algunas mujeres&nbsp;viven el climaterio con cierta ansiedad, preocupaci\u00f3n y dificultad para llevar a cabo [&hellip;]<\/p>\n","protected":false},"author":1,"featured_media":0,"parent":0,"menu_order":0,"comment_status":"closed","ping_status":"closed","template":"","meta":{"footnotes":""},"class_list":["post-70","page","type-page","status-publish","hentry"],"_links":{"self":[{"href":"https:\/\/itzurypadillaginecologa.com\/index.php\/wp-json\/wp\/v2\/pages\/70","targetHints":{"allow":["GET"]}}],"collection":[{"href":"https:\/\/itzurypadillaginecologa.com\/index.php\/wp-json\/wp\/v2\/pages"}],"about":[{"href":"https:\/\/itzurypadillaginecologa.com\/index.php\/wp-json\/wp\/v2\/types\/page"}],"author":[{"embeddable":true,"href":"https:\/\/itzurypadillaginecologa.com\/index.php\/wp-json\/wp\/v2\/users\/1"}],"replies":[{"embeddable":true,"href":"https:\/\/itzurypadillaginecologa.com\/index.php\/wp-json\/wp\/v2\/comments?post=70"}],"version-history":[{"count":2,"href":"https:\/\/itzurypadillaginecologa.com\/index.php\/wp-json\/wp\/v2\/pages\/70\/revisions"}],"predecessor-version":[{"id":104,"href":"https:\/\/itzurypadillaginecologa.com\/index.php\/wp-json\/wp\/v2\/pages\/70\/revisions\/104"}],"wp:attachment":[{"href":"https:\/\/itzurypadillaginecologa.com\/index.php\/wp-json\/wp\/v2\/media?parent=70"}],"curies":[{"name":"wp","href":"https:\/\/api.w.org\/{rel}","templated":true}]}}