{"id":66,"date":"2024-01-03T22:45:28","date_gmt":"2024-01-03T22:45:28","guid":{"rendered":"https:\/\/itzurypadillaginecologa.com\/?page_id=66"},"modified":"2024-01-04T00:49:18","modified_gmt":"2024-01-04T00:49:18","slug":"endometriosis","status":"publish","type":"page","link":"https:\/\/itzurypadillaginecologa.com\/index.php\/endometriosis\/","title":{"rendered":"ENDOMETRIOSIS"},"content":{"rendered":"\n<p>La endometriosis es una enfermedad en la que, en la parte exterior del \u00fatero, crece un tejido similar a la mucosa interior del \u00fatero que puede causar un dolor intenso en la pelvis y dificultar que se consiga un embarazo.<\/p>\n\n\n\n<p>Puede aparecer a partir de la primera menstruaci\u00f3n y hasta la menopausia.<\/p>\n\n\n\n<p>Al formarse en la parte externa del \u00fatero un tejido similar a la mucosa interior, se provoca una inflamaci\u00f3n y la aparici\u00f3n de tejido cicatricial en la pelvis y, raramente, en otras partes del cuerpo.<\/p>\n","protected":false},"excerpt":{"rendered":"<p>La endometriosis es una enfermedad en la que, en la parte exterior del \u00fatero, crece un tejido similar a la mucosa interior del \u00fatero que puede causar un dolor intenso en la pelvis y dificultar que se consiga un embarazo. Puede aparecer a partir de la primera menstruaci\u00f3n y hasta la menopausia. Al formarse en [&hellip;]<\/p>\n","protected":false},"author":1,"featured_media":0,"parent":0,"menu_order":0,"comment_status":"closed","ping_status":"closed","template":"","meta":{"footnotes":""},"class_list":["post-66","page","type-page","status-publish","hentry"],"_links":{"self":[{"href":"https:\/\/itzurypadillaginecologa.com\/index.php\/wp-json\/wp\/v2\/pages\/66","targetHints":{"allow":["GET"]}}],"collection":[{"href":"https:\/\/itzurypadillaginecologa.com\/index.php\/wp-json\/wp\/v2\/pages"}],"about":[{"href":"https:\/\/itzurypadillaginecologa.com\/index.php\/wp-json\/wp\/v2\/types\/page"}],"author":[{"embeddable":true,"href":"https:\/\/itzurypadillaginecologa.com\/index.php\/wp-json\/wp\/v2\/users\/1"}],"replies":[{"embeddable":true,"href":"https:\/\/itzurypadillaginecologa.com\/index.php\/wp-json\/wp\/v2\/comments?post=66"}],"version-history":[{"count":2,"href":"https:\/\/itzurypadillaginecologa.com\/index.php\/wp-json\/wp\/v2\/pages\/66\/revisions"}],"predecessor-version":[{"id":101,"href":"https:\/\/itzurypadillaginecologa.com\/index.php\/wp-json\/wp\/v2\/pages\/66\/revisions\/101"}],"wp:attachment":[{"href":"https:\/\/itzurypadillaginecologa.com\/index.php\/wp-json\/wp\/v2\/media?parent=66"}],"curies":[{"name":"wp","href":"https:\/\/api.w.org\/{rel}","templated":true}]}}