{"id":64,"date":"2024-01-03T22:45:07","date_gmt":"2024-01-03T22:45:07","guid":{"rendered":"https:\/\/itzurypadillaginecologa.com\/?page_id=64"},"modified":"2024-01-04T00:46:43","modified_gmt":"2024-01-04T00:46:43","slug":"ovario-poliquistico","status":"publish","type":"page","link":"https:\/\/itzurypadillaginecologa.com\/index.php\/ovario-poliquistico\/","title":{"rendered":"OVARIO POLIQUISTICO"},"content":{"rendered":"\n<h4 class=\"wp-block-heading\">S\u00edndrome del ovario poliqu\u00edstico<\/h4>\n\n\n\n<p>El s\u00edndrome del ovario poliqu\u00edstico (SOP) es una afecci\u00f3n en la cual una mujer tiene&nbsp;un niveles muy elevados de hormonas (andr\u00f3genos). Se pueden presentar muchos problemas como resultado de este aumento en las hormonas, incluyendo:<\/p>\n\n\n\n<ul class=\"wp-block-list\">\n<li>Irregularidades menstruales<\/li>\n\n\n\n<li>Infertilidad<\/li>\n\n\n\n<li>Problemas de la piel, como acn\u00e9 y aumento de vello&nbsp;<\/li>\n\n\n\n<li>Aumento en el n\u00famero de peque\u00f1os quistes en los ovarios&nbsp;<\/li>\n\n\n\n<li>Resistencia a la insulina, con mayor riesgo de desarrollar diabetes<\/li>\n<\/ul>\n\n\n\n<h4 class=\"wp-block-heading\">Causas<\/h4>\n\n\n\n<p>El SOP est\u00e1 ligado a cambios en los niveles hormonales que le dificultan a los ovarios la liberaci\u00f3n de \u00f3vulos maduros. Las razones para estos cambios no son claras. Las hormonas afectadas son:<\/p>\n\n\n\n<ul class=\"wp-block-list\">\n<li>Los estr\u00f3genos y la progesterona, las hormonas femeninas que le ayudan a los ovarios de una mujer a liberar&nbsp;\u00f3vulos.<\/li>\n\n\n\n<li>Los andr\u00f3genos, una hormona masculina que se encuentra en peque\u00f1as cantidades en las mujeres.<\/li>\n<\/ul>\n\n\n\n<p>Normalmente, se liberan uno o m\u00e1s \u00f3vulos durante el ciclo menstrual de una mujer. Esto se conoce como ovulaci\u00f3n. En la mayor\u00eda de los casos, la liberaci\u00f3n de los \u00f3vulos ocurre aproximadamente 2 semanas despu\u00e9s de la iniciaci\u00f3n del ciclo menstrual.<\/p>\n\n\n\n<p>En muchas mujeres con el SOP, los \u00f3vulos maduros no se liberan. En lugar de esto, permanecen en los ovarios circundados por una peque\u00f1a cantidad de l\u00edquido. El ovario afectado puede estar ligeramente agrandado. Puede haber muchos de ellos. Sin embargo, no todas las mujeres que padecen esta afecci\u00f3n tendr\u00e1n ovarios con este aspecto.<\/p>\n","protected":false},"excerpt":{"rendered":"<p>S\u00edndrome del ovario poliqu\u00edstico El s\u00edndrome del ovario poliqu\u00edstico (SOP) es una afecci\u00f3n en la cual una mujer tiene&nbsp;un niveles muy elevados de hormonas (andr\u00f3genos). Se pueden presentar muchos problemas como resultado de este aumento en las hormonas, incluyendo: Causas El SOP est\u00e1 ligado a cambios en los niveles hormonales que le dificultan a los [&hellip;]<\/p>\n","protected":false},"author":1,"featured_media":0,"parent":0,"menu_order":0,"comment_status":"closed","ping_status":"closed","template":"","meta":{"footnotes":""},"class_list":["post-64","page","type-page","status-publish","hentry"],"_links":{"self":[{"href":"https:\/\/itzurypadillaginecologa.com\/index.php\/wp-json\/wp\/v2\/pages\/64","targetHints":{"allow":["GET"]}}],"collection":[{"href":"https:\/\/itzurypadillaginecologa.com\/index.php\/wp-json\/wp\/v2\/pages"}],"about":[{"href":"https:\/\/itzurypadillaginecologa.com\/index.php\/wp-json\/wp\/v2\/types\/page"}],"author":[{"embeddable":true,"href":"https:\/\/itzurypadillaginecologa.com\/index.php\/wp-json\/wp\/v2\/users\/1"}],"replies":[{"embeddable":true,"href":"https:\/\/itzurypadillaginecologa.com\/index.php\/wp-json\/wp\/v2\/comments?post=64"}],"version-history":[{"count":3,"href":"https:\/\/itzurypadillaginecologa.com\/index.php\/wp-json\/wp\/v2\/pages\/64\/revisions"}],"predecessor-version":[{"id":100,"href":"https:\/\/itzurypadillaginecologa.com\/index.php\/wp-json\/wp\/v2\/pages\/64\/revisions\/100"}],"wp:attachment":[{"href":"https:\/\/itzurypadillaginecologa.com\/index.php\/wp-json\/wp\/v2\/media?parent=64"}],"curies":[{"name":"wp","href":"https:\/\/api.w.org\/{rel}","templated":true}]}}