{"id":58,"date":"2024-01-03T22:43:34","date_gmt":"2024-01-03T22:43:34","guid":{"rendered":"https:\/\/itzurypadillaginecologa.com\/?page_id=58"},"modified":"2024-01-04T00:55:18","modified_gmt":"2024-01-04T00:55:18","slug":"dolor-pelvico","status":"publish","type":"page","link":"https:\/\/itzurypadillaginecologa.com\/index.php\/dolor-pelvico\/","title":{"rendered":"DOLOR PELVICO"},"content":{"rendered":"\n<p>El dolor p\u00e9lvico es un malestar que se produce en la parte inferior del abdomen. El dolor que se produce en la parte externa del \u00e1rea genital (vulva o labios) se denomina dolor vulvar. Muchas mujeres sufren dolor p\u00e9lvico. El dolor se considera cr\u00f3nico si contin\u00faa apareciendo durante m\u00e1s de 3 a 6 meses.<\/p>\n\n\n\n<p>El dolor p\u00e9lvico puede ser un s\u00edntoma ginecol\u00f3gico. Es decir, puede ser consecuencia de un problema que afecta el aparato reproductor femenino. O puede estar causado por problemas en el aparato urinario, digestivo o musculoesquel\u00e9tico.<\/p>\n\n\n\n<p>El dolor puede comenzar de forma repentina o gradual. El dolor puede aumentar gradualmente en intensidad y a veces se produce en oleadas. Puede ser constante o intermitente. Puede ser agudo, sordo o con c\u00f3licos (como los c\u00f3licos menstruales) o bien con alguna combinaci\u00f3n de estos \u00faltimos.<\/p>\n\n\n\n<p>La zona p\u00e9lvica puede estar dolorosa al tacto. Seg\u00fan la causa, la mujer puede presentar\u00a0<a href=\"https:\/\/www.msdmanuals.com\/es-mx\/hogar\/salud-femenina\/s%C3%ADntomas-de-los-trastornos-ginecol%C3%B3gicos\/sangrado-vaginal\">sangrado<\/a>\u00a0o\u00a0<a href=\"https:\/\/www.msdmanuals.com\/es-mx\/hogar\/salud-femenina\/s%C3%ADntomas-de-los-trastornos-ginecol%C3%B3gicos\/secreci%C3%B3n-vaginal\">secreciones<\/a>\u00a0vaginales. El dolor tambi\u00e9n puede ir acompa\u00f1ado de fiebre, n\u00e1useas, v\u00f3mitos y\/o mareos.<\/p>\n\n\n\n<p><\/p>\n","protected":false},"excerpt":{"rendered":"<p>El dolor p\u00e9lvico es un malestar que se produce en la parte inferior del abdomen. El dolor que se produce en la parte externa del \u00e1rea genital (vulva o labios) se denomina dolor vulvar. Muchas mujeres sufren dolor p\u00e9lvico. El dolor se considera cr\u00f3nico si contin\u00faa apareciendo durante m\u00e1s de 3 a 6 meses. El [&hellip;]<\/p>\n","protected":false},"author":1,"featured_media":0,"parent":0,"menu_order":0,"comment_status":"closed","ping_status":"closed","template":"","meta":{"footnotes":""},"class_list":["post-58","page","type-page","status-publish","hentry"],"_links":{"self":[{"href":"https:\/\/itzurypadillaginecologa.com\/index.php\/wp-json\/wp\/v2\/pages\/58","targetHints":{"allow":["GET"]}}],"collection":[{"href":"https:\/\/itzurypadillaginecologa.com\/index.php\/wp-json\/wp\/v2\/pages"}],"about":[{"href":"https:\/\/itzurypadillaginecologa.com\/index.php\/wp-json\/wp\/v2\/types\/page"}],"author":[{"embeddable":true,"href":"https:\/\/itzurypadillaginecologa.com\/index.php\/wp-json\/wp\/v2\/users\/1"}],"replies":[{"embeddable":true,"href":"https:\/\/itzurypadillaginecologa.com\/index.php\/wp-json\/wp\/v2\/comments?post=58"}],"version-history":[{"count":2,"href":"https:\/\/itzurypadillaginecologa.com\/index.php\/wp-json\/wp\/v2\/pages\/58\/revisions"}],"predecessor-version":[{"id":105,"href":"https:\/\/itzurypadillaginecologa.com\/index.php\/wp-json\/wp\/v2\/pages\/58\/revisions\/105"}],"wp:attachment":[{"href":"https:\/\/itzurypadillaginecologa.com\/index.php\/wp-json\/wp\/v2\/media?parent=58"}],"curies":[{"name":"wp","href":"https:\/\/api.w.org\/{rel}","templated":true}]}}