{"id":34,"date":"2023-12-24T18:50:18","date_gmt":"2023-12-24T18:50:18","guid":{"rendered":"https:\/\/itzurypadillaginecologa.com\/?page_id=34"},"modified":"2024-01-04T00:44:29","modified_gmt":"2024-01-04T00:44:29","slug":"control-de-embarazo","status":"publish","type":"page","link":"https:\/\/itzurypadillaginecologa.com\/index.php\/ginecologia-y-obstetricia\/control-de-embarazo\/","title":{"rendered":"CONTROL DE EMBARAZO"},"content":{"rendered":"\n<h4 class=\"wp-block-heading\"><strong>\u00bfQu\u00e9 es el control del embarazo?<\/strong><\/h4>\n\n\n\n<p>El control del embarazo o control prenatal es el seguimiento que se realiza durante todo el periodo de gestaci\u00f3n. Las revisiones con el especialista ginec\u00f3logo deben ser mensuales durante los siete primeros meses del embarazo y m\u00e1s frecuentes cuando se acerca la fecha estimada de parto.&nbsp;En cada cita se realizan pruebas de rutina para verificar el buen desarrollo de la gestaci\u00f3n, mientras algunos reconocimientos se realizan solo en embarazos de riesgo.&nbsp;<\/p>\n\n\n\n<h4 class=\"wp-block-heading\"><strong>\u00bfPor qu\u00e9 se realiza?<\/strong><\/h4>\n\n\n\n<p>El control del embarazo se realiza porque es necesario para el bienestar de la madre y del beb\u00e9. Durante el embarazo pueden darse una serie de complicaciones para el beb\u00e9 y la propia madre que pueden prevenirse y evitarse mediante un seguimiento de la evoluci\u00f3n. As\u00ed, el control del embarazo se realiza para una correcta prevenci\u00f3n de las complicaciones, aconsejar a la madre y controlar el estado del feto.<\/p>\n\n\n\n<h4 class=\"wp-block-heading\"><strong>\u00bfEn qu\u00e9 consiste?<\/strong><\/h4>\n\n\n\n<p>El control del embarazo consiste en una serie de revisiones y visitas sucesivas al m\u00e9dico para llevar a cabo la observaci\u00f3n de la evoluci\u00f3n del beb\u00e9. Las pruebas diagn\u00f3sticas y de control m\u00e1s frecuentes durante el control parental son:<\/p>\n\n\n\n<ul class=\"wp-block-list\">\n<li>Examen obst\u00e9trico<\/li>\n\n\n\n<li>Toma del peso y la tensi\u00f3n arterial<\/li>\n\n\n\n<li>An\u00e1lisis de sangre y orina<\/li>\n\n\n\n<li>Ecocardiograf\u00eda<\/li>\n\n\n\n<li>Ecograf\u00eda obst\u00e9trica<\/li>\n\n\n\n<li>Pruebas de diagn\u00f3stico prenatal<\/li>\n<\/ul>\n","protected":false},"excerpt":{"rendered":"<p>\u00bfQu\u00e9 es el control del embarazo? El control del embarazo o control prenatal es el seguimiento que se realiza durante todo el periodo de gestaci\u00f3n. Las revisiones con el especialista ginec\u00f3logo deben ser mensuales durante los siete primeros meses del embarazo y m\u00e1s frecuentes cuando se acerca la fecha estimada de parto.&nbsp;En cada cita se [&hellip;]<\/p>\n","protected":false},"author":1,"featured_media":0,"parent":26,"menu_order":1,"comment_status":"closed","ping_status":"closed","template":"","meta":{"footnotes":""},"class_list":["post-34","page","type-page","status-publish","hentry"],"_links":{"self":[{"href":"https:\/\/itzurypadillaginecologa.com\/index.php\/wp-json\/wp\/v2\/pages\/34","targetHints":{"allow":["GET"]}}],"collection":[{"href":"https:\/\/itzurypadillaginecologa.com\/index.php\/wp-json\/wp\/v2\/pages"}],"about":[{"href":"https:\/\/itzurypadillaginecologa.com\/index.php\/wp-json\/wp\/v2\/types\/page"}],"author":[{"embeddable":true,"href":"https:\/\/itzurypadillaginecologa.com\/index.php\/wp-json\/wp\/v2\/users\/1"}],"replies":[{"embeddable":true,"href":"https:\/\/itzurypadillaginecologa.com\/index.php\/wp-json\/wp\/v2\/comments?post=34"}],"version-history":[{"count":3,"href":"https:\/\/itzurypadillaginecologa.com\/index.php\/wp-json\/wp\/v2\/pages\/34\/revisions"}],"predecessor-version":[{"id":98,"href":"https:\/\/itzurypadillaginecologa.com\/index.php\/wp-json\/wp\/v2\/pages\/34\/revisions\/98"}],"up":[{"embeddable":true,"href":"https:\/\/itzurypadillaginecologa.com\/index.php\/wp-json\/wp\/v2\/pages\/26"}],"wp:attachment":[{"href":"https:\/\/itzurypadillaginecologa.com\/index.php\/wp-json\/wp\/v2\/media?parent=34"}],"curies":[{"name":"wp","href":"https:\/\/api.w.org\/{rel}","templated":true}]}}