{"id":138,"date":"2026-04-30T05:10:15","date_gmt":"2026-04-30T05:10:15","guid":{"rendered":"https:\/\/itzurypadillaginecologa.com\/?page_id=138"},"modified":"2026-04-30T05:10:15","modified_gmt":"2026-04-30T05:10:15","slug":"quien-soy","status":"publish","type":"page","link":"https:\/\/itzurypadillaginecologa.com\/index.php\/quien-soy\/","title":{"rendered":"Quien soy"},"content":{"rendered":"\n<p>M\u00e9dico Cirujano y Partero, Universidad De Guadalajara.<br>Maestra en Ciencias de la Salud en el Trabajo Universidad De Guadalajara.<br>Especialista en Ginecolog\u00eda y Obstetricia, Universidad Aut\u00f3noma de M\u00e9xico.<br>Sub Especialista en Biolog\u00eda de la Reproducci\u00f3n Humana, Universidad de Guadalajara.<br>Certificada por el Consejo Mexicano de Ginecolog\u00eda y Obstetricia.<\/p>\n\n\n\n<p>Miembro activo en la Asociaci\u00f3n Jalisciense para el Estudio del Climaterio A.C.<br>Y en el Colegio de M\u00e9dicos Gineco-Obstetrasdel Estado de Jalisco A.C.<\/p>\n\n\n\n<p>Ultimos cursos y congresos, periodo 2024- 2026.<br>Curso Internacional en S\u00edndrome de Ovario Poliqu\u00edstico (SOP).<br>Cirugia robotica: impacto clinico y resultados reproductivos.<br>Master en el manejo integral y multidisciplinario de la menopausia.<br>Manejo del Climaterio en Mujeres con Comorbilidades.<br>Congreso internacional de climaterio y Menopausia.<br>Actualidades en el Manejo integral del climaterio.<br>XXI Congreso internacional de Ginecologia y Obstetricia<br>Dialogos en reproduccion Guadalajara.<br>Topicos Selectos en el climaterio.<br>Congreso Internacional Iberoamericano de androlog\u00eda.<br>60 Congreso Mexicano de Medicina de la Reproducci\u00f3n.<\/p>\n","protected":false},"excerpt":{"rendered":"<p>M\u00e9dico Cirujano y Partero, Universidad De Guadalajara.Maestra en Ciencias de la Salud en el Trabajo Universidad De Guadalajara.Especialista en Ginecolog\u00eda y Obstetricia, Universidad Aut\u00f3noma de M\u00e9xico.Sub Especialista en Biolog\u00eda de la Reproducci\u00f3n Humana, Universidad de Guadalajara.Certificada por el Consejo Mexicano de Ginecolog\u00eda y Obstetricia. Miembro activo en la Asociaci\u00f3n Jalisciense para el Estudio del Climaterio [&hellip;]<\/p>\n","protected":false},"author":1,"featured_media":0,"parent":0,"menu_order":0,"comment_status":"closed","ping_status":"closed","template":"","meta":{"footnotes":""},"class_list":["post-138","page","type-page","status-publish","hentry"],"_links":{"self":[{"href":"https:\/\/itzurypadillaginecologa.com\/index.php\/wp-json\/wp\/v2\/pages\/138","targetHints":{"allow":["GET"]}}],"collection":[{"href":"https:\/\/itzurypadillaginecologa.com\/index.php\/wp-json\/wp\/v2\/pages"}],"about":[{"href":"https:\/\/itzurypadillaginecologa.com\/index.php\/wp-json\/wp\/v2\/types\/page"}],"author":[{"embeddable":true,"href":"https:\/\/itzurypadillaginecologa.com\/index.php\/wp-json\/wp\/v2\/users\/1"}],"replies":[{"embeddable":true,"href":"https:\/\/itzurypadillaginecologa.com\/index.php\/wp-json\/wp\/v2\/comments?post=138"}],"version-history":[{"count":1,"href":"https:\/\/itzurypadillaginecologa.com\/index.php\/wp-json\/wp\/v2\/pages\/138\/revisions"}],"predecessor-version":[{"id":139,"href":"https:\/\/itzurypadillaginecologa.com\/index.php\/wp-json\/wp\/v2\/pages\/138\/revisions\/139"}],"wp:attachment":[{"href":"https:\/\/itzurypadillaginecologa.com\/index.php\/wp-json\/wp\/v2\/media?parent=138"}],"curies":[{"name":"wp","href":"https:\/\/api.w.org\/{rel}","templated":true}]}}